{"id":8995,"date":"2025-03-12T14:37:21","date_gmt":"2025-03-12T14:37:21","guid":{"rendered":"https:\/\/enjoyitrestaurant.com\/politica-de-cookies\/"},"modified":"2025-09-12T08:16:40","modified_gmt":"2025-09-12T08:16:40","slug":"politica-de-cookies","status":"publish","type":"page","link":"https:\/\/enjoyitrestaurant.com\/ca\/politica-de-cookies\/","title":{"rendered":"Pol\u00edtica de Cookies"},"content":{"rendered":"<p>[et_pb_section fb_built=&#8221;1&#8243; _builder_version=&#8221;4.27.4&#8243; _module_preset=&#8221;default&#8221; background_color=&#8221;#FFF6EB&#8221; da_disable_devices=&#8221;off|off|off&#8221; global_colors_info=&#8221;{}&#8221; da_is_popup=&#8221;off&#8221; da_exit_intent=&#8221;off&#8221; da_has_close=&#8221;on&#8221; da_alt_close=&#8221;off&#8221; da_dark_close=&#8221;off&#8221; da_not_modal=&#8221;on&#8221; da_is_singular=&#8221;off&#8221; da_with_loader=&#8221;off&#8221; da_has_shadow=&#8221;on&#8221;][et_pb_row _builder_version=&#8221;4.27.4&#8243; _module_preset=&#8221;default&#8221; global_colors_info=&#8221;{}&#8221;][et_pb_column type=&#8221;4_4&#8243; _builder_version=&#8221;4.27.4&#8243; _module_preset=&#8221;default&#8221; global_colors_info=&#8221;{}&#8221;][et_pb_text _builder_version=&#8221;4.27.4&#8243; _module_preset=&#8221;default&#8221; text_font=&#8221;&#8211;et_global_heading_font||||||||&#8221; text_font_size=&#8221;72px&#8221; text_line_height=&#8221;1em&#8221; link_text_color=&#8221;#FF5F44&#8243; link_line_height=&#8221;1.1em&#8221; width=&#8221;100%&#8221; custom_padding=&#8221;0px||10px||false|false&#8221; hover_enabled=&#8221;0&#8243; global_colors_info=&#8221;{}&#8221; custom_margin=&#8221;-10px||||false|false&#8221; sticky_enabled=&#8221;0&#8243;]<\/p>\n<p>POL\u00cdTICA DE COOKIES<\/p>\n<p>[\/et_pb_text][et_pb_divider _builder_version=&#8221;4.27.4&#8243; _module_preset=&#8221;default&#8221; custom_margin=&#8221;-30px||||false|false&#8221; custom_padding=&#8221;0px||||false|false&#8221; global_colors_info=&#8221;{}&#8221;][\/et_pb_divider][et_pb_text _builder_version=&#8221;4.27.4&#8243; _module_preset=&#8221;default&#8221; global_colors_info=&#8221;{}&#8221;]<\/p>\n<h2>TIPUS DE COOKIES QUE UTILITZEM<\/h2>\n<p>Aquesta p\u00e0gina web utilitza cookies de tercers que s\u00f3n aquelles que s&#8217;envien al teu ordinador o terminal des d&#8217;un domini o una p\u00e0gina web que no \u00e9s gestionada per nosaltres, sin\u00f3 per una altra entitat que tracta les dades obtingudes a trav\u00e9s de les cookies.<\/p>\n<p>En aquest cas les cookies s&#8217;utilitzen amb finalitats estad\u00edstiques relacionades amb les visites que rep i les p\u00e0gines que es consulten, quedant acceptat el seu \u00fas en navegar per ella.<\/p>\n<p>Per informar-se sobre com eliminar les cookies del seu navegador:<\/p>\n<ul>\n<li><a href=\"https:\/\/support.mozilla.org\/es\/kb\/Borrar%20cookies\" target=\"_blank\" rel=\"noopener noreferrer\">Firefox<\/a><\/li>\n<li><a href=\"https:\/\/support.google.com\/chrome\/answer\/95647?hl=es\" target=\"_blank\" rel=\"noopener noreferrer\">Chrome<\/a><\/li>\n<li><a href=\"https:\/\/support.microsoft.com\/es-es\/help\/278835\/how-to-delete-cookie-files-in-internet-explorer\" target=\"_blank\" rel=\"noopener noreferrer\">Internet Explorer<\/a><\/li>\n<li><a href=\"https:\/\/support.apple.com\/es-es\/guide\/safari\/sfri11471\/mac\" target=\"_blank\" rel=\"noopener noreferrer\">Safari<\/a><\/li>\n<li><a href=\"https:\/\/help.opera.com\/en\/latest\/web-preferences\/#cookies\" target=\"_blank\" rel=\"noopener noreferrer\">Opera<\/a><\/li>\n<\/ul>\n<p>[\/et_pb_text][\/et_pb_column][\/et_pb_row][\/et_pb_section]<\/p>\n","protected":false},"excerpt":{"rendered":"<p>POL\u00cdTICA DE COOKIESTIPUS DE COOKIES QUE UTILITZEM Aquesta p\u00e0gina web utilitza cookies de tercers que s\u00f3n aquelles que s&#8217;envien al teu ordinador o terminal des d&#8217;un domini o una p\u00e0gina web que no \u00e9s gestionada per nosaltres, sin\u00f3 per una altra entitat que tracta les dades obtingudes a trav\u00e9s de les cookies. En aquest cas les cookies s&#8217;utilitzen amb finalitats estad\u00edstiques relacionades amb les visites que rep i les p\u00e0gines que es consulten, quedant acceptat el seu \u00fas en navegar per ella. Per informar-se sobre com eliminar les cookies del seu navegador: Firefox Chrome Internet Explorer Safari Opera<\/p>\n","protected":false},"author":1,"featured_media":0,"parent":0,"menu_order":100,"comment_status":"closed","ping_status":"closed","template":"","meta":{"_et_pb_use_builder":"on","_et_pb_old_content":"","_et_gb_content_width":"","footnotes":""},"class_list":["post-8995","page","type-page","status-publish","hentry"],"yoast_head":"<!-- This site is optimized with the Yoast SEO plugin v26.8 - https:\/\/yoast.com\/product\/yoast-seo-wordpress\/ -->\n<title>Pol\u00edtica de Cookies - Enjoy IT<\/title>\n<meta name=\"robots\" content=\"index, follow, max-snippet:-1, max-image-preview:large, max-video-preview:-1\" \/>\n<link rel=\"canonical\" href=\"https:\/\/enjoyitrestaurant.com\/ca\/politica-de-cookies\/\" \/>\n<meta property=\"og:locale\" content=\"ca_ES\" \/>\n<meta property=\"og:type\" content=\"article\" \/>\n<meta property=\"og:title\" content=\"Pol\u00edtica de Cookies - Enjoy IT\" \/>\n<meta property=\"og:description\" content=\"POL\u00cdTICA DE COOKIESTIPUS DE COOKIES QUE UTILITZEM Aquesta p\u00e0gina web utilitza cookies de tercers que s\u00f3n aquelles que s&#039;envien al teu ordinador o terminal des d&#039;un domini o una p\u00e0gina web que no \u00e9s gestionada per nosaltres, sin\u00f3 per una altra entitat que tracta les dades obtingudes a trav\u00e9s de les cookies. En aquest cas les cookies s&#039;utilitzen amb finalitats estad\u00edstiques relacionades amb les visites que rep i les p\u00e0gines que es consulten, quedant acceptat el seu \u00fas en navegar per ella. Per informar-se sobre com eliminar les cookies del seu navegador: Firefox Chrome Internet Explorer Safari Opera\" \/>\n<meta property=\"og:url\" content=\"https:\/\/enjoyitrestaurant.com\/ca\/politica-de-cookies\/\" \/>\n<meta property=\"og:site_name\" content=\"Enjoy IT\" \/>\n<meta property=\"article:modified_time\" content=\"2025-09-12T08:16:40+00:00\" \/>\n<meta name=\"twitter:card\" content=\"summary_large_image\" \/>\n<meta name=\"twitter:label1\" content=\"Temps estimat de lectura\" \/>\n\t<meta name=\"twitter:data1\" content=\"1 minut\" \/>\n<script type=\"application\/ld+json\" class=\"yoast-schema-graph\">{\"@context\":\"https:\/\/schema.org\",\"@graph\":[{\"@type\":\"WebPage\",\"@id\":\"https:\/\/enjoyitrestaurant.com\/ca\/politica-de-cookies\/\",\"url\":\"https:\/\/enjoyitrestaurant.com\/ca\/politica-de-cookies\/\",\"name\":\"Pol\u00edtica de Cookies - Enjoy IT\",\"isPartOf\":{\"@id\":\"https:\/\/enjoyitrestaurant.com\/#website\"},\"datePublished\":\"2025-03-12T14:37:21+00:00\",\"dateModified\":\"2025-09-12T08:16:40+00:00\",\"breadcrumb\":{\"@id\":\"https:\/\/enjoyitrestaurant.com\/ca\/politica-de-cookies\/#breadcrumb\"},\"inLanguage\":\"ca\",\"potentialAction\":[{\"@type\":\"ReadAction\",\"target\":[\"https:\/\/enjoyitrestaurant.com\/ca\/politica-de-cookies\/\"]}]},{\"@type\":\"BreadcrumbList\",\"@id\":\"https:\/\/enjoyitrestaurant.com\/ca\/politica-de-cookies\/#breadcrumb\",\"itemListElement\":[{\"@type\":\"ListItem\",\"position\":1,\"name\":\"Portada\",\"item\":\"https:\/\/enjoyitrestaurant.com\/ca\/\"},{\"@type\":\"ListItem\",\"position\":2,\"name\":\"Pol\u00edtica de Cookies\"}]},{\"@type\":\"WebSite\",\"@id\":\"https:\/\/enjoyitrestaurant.com\/#website\",\"url\":\"https:\/\/enjoyitrestaurant.com\/\",\"name\":\"enjoy.ip-marketing.es\",\"description\":\"Restaurante de cocina mediterr\u00e1nea y tradicional\",\"potentialAction\":[{\"@type\":\"SearchAction\",\"target\":{\"@type\":\"EntryPoint\",\"urlTemplate\":\"https:\/\/enjoyitrestaurant.com\/?s={search_term_string}\"},\"query-input\":{\"@type\":\"PropertyValueSpecification\",\"valueRequired\":true,\"valueName\":\"search_term_string\"}}],\"inLanguage\":\"ca\"}]}<\/script>\n<!-- \/ Yoast SEO plugin. -->","yoast_head_json":{"title":"Pol\u00edtica de Cookies - Enjoy IT","robots":{"index":"index","follow":"follow","max-snippet":"max-snippet:-1","max-image-preview":"max-image-preview:large","max-video-preview":"max-video-preview:-1"},"canonical":"https:\/\/enjoyitrestaurant.com\/ca\/politica-de-cookies\/","og_locale":"ca_ES","og_type":"article","og_title":"Pol\u00edtica de Cookies - Enjoy IT","og_description":"POL\u00cdTICA DE COOKIESTIPUS DE COOKIES QUE UTILITZEM Aquesta p\u00e0gina web utilitza cookies de tercers que s\u00f3n aquelles que s'envien al teu ordinador o terminal des d'un domini o una p\u00e0gina web que no \u00e9s gestionada per nosaltres, sin\u00f3 per una altra entitat que tracta les dades obtingudes a trav\u00e9s de les cookies. En aquest cas les cookies s'utilitzen amb finalitats estad\u00edstiques relacionades amb les visites que rep i les p\u00e0gines que es consulten, quedant acceptat el seu \u00fas en navegar per ella. Per informar-se sobre com eliminar les cookies del seu navegador: Firefox Chrome Internet Explorer Safari Opera","og_url":"https:\/\/enjoyitrestaurant.com\/ca\/politica-de-cookies\/","og_site_name":"Enjoy IT","article_modified_time":"2025-09-12T08:16:40+00:00","twitter_card":"summary_large_image","twitter_misc":{"Temps estimat de lectura":"1 minut"},"schema":{"@context":"https:\/\/schema.org","@graph":[{"@type":"WebPage","@id":"https:\/\/enjoyitrestaurant.com\/ca\/politica-de-cookies\/","url":"https:\/\/enjoyitrestaurant.com\/ca\/politica-de-cookies\/","name":"Pol\u00edtica de Cookies - Enjoy IT","isPartOf":{"@id":"https:\/\/enjoyitrestaurant.com\/#website"},"datePublished":"2025-03-12T14:37:21+00:00","dateModified":"2025-09-12T08:16:40+00:00","breadcrumb":{"@id":"https:\/\/enjoyitrestaurant.com\/ca\/politica-de-cookies\/#breadcrumb"},"inLanguage":"ca","potentialAction":[{"@type":"ReadAction","target":["https:\/\/enjoyitrestaurant.com\/ca\/politica-de-cookies\/"]}]},{"@type":"BreadcrumbList","@id":"https:\/\/enjoyitrestaurant.com\/ca\/politica-de-cookies\/#breadcrumb","itemListElement":[{"@type":"ListItem","position":1,"name":"Portada","item":"https:\/\/enjoyitrestaurant.com\/ca\/"},{"@type":"ListItem","position":2,"name":"Pol\u00edtica de Cookies"}]},{"@type":"WebSite","@id":"https:\/\/enjoyitrestaurant.com\/#website","url":"https:\/\/enjoyitrestaurant.com\/","name":"enjoy.ip-marketing.es","description":"Restaurante de cocina mediterr\u00e1nea y tradicional","potentialAction":[{"@type":"SearchAction","target":{"@type":"EntryPoint","urlTemplate":"https:\/\/enjoyitrestaurant.com\/?s={search_term_string}"},"query-input":{"@type":"PropertyValueSpecification","valueRequired":true,"valueName":"search_term_string"}}],"inLanguage":"ca"}]}},"_links":{"self":[{"href":"https:\/\/enjoyitrestaurant.com\/ca\/wp-json\/wp\/v2\/pages\/8995","targetHints":{"allow":["GET"]}}],"collection":[{"href":"https:\/\/enjoyitrestaurant.com\/ca\/wp-json\/wp\/v2\/pages"}],"about":[{"href":"https:\/\/enjoyitrestaurant.com\/ca\/wp-json\/wp\/v2\/types\/page"}],"author":[{"embeddable":true,"href":"https:\/\/enjoyitrestaurant.com\/ca\/wp-json\/wp\/v2\/users\/1"}],"replies":[{"embeddable":true,"href":"https:\/\/enjoyitrestaurant.com\/ca\/wp-json\/wp\/v2\/comments?post=8995"}],"version-history":[{"count":5,"href":"https:\/\/enjoyitrestaurant.com\/ca\/wp-json\/wp\/v2\/pages\/8995\/revisions"}],"predecessor-version":[{"id":9018,"href":"https:\/\/enjoyitrestaurant.com\/ca\/wp-json\/wp\/v2\/pages\/8995\/revisions\/9018"}],"wp:attachment":[{"href":"https:\/\/enjoyitrestaurant.com\/ca\/wp-json\/wp\/v2\/media?parent=8995"}],"curies":[{"name":"wp","href":"https:\/\/api.w.org\/{rel}","templated":true}]}}