{"id":8992,"date":"2025-03-12T14:37:16","date_gmt":"2025-03-12T14:37:16","guid":{"rendered":"https:\/\/enjoyitrestaurant.com\/politica-de-privacitat\/"},"modified":"2025-09-12T08:16:12","modified_gmt":"2025-09-12T08:16:12","slug":"politica-de-privacitat","status":"publish","type":"page","link":"https:\/\/enjoyitrestaurant.com\/ca\/politica-de-privacitat\/","title":{"rendered":"Pol\u00edtica de Privacitat"},"content":{"rendered":"<p>[et_pb_section fb_built=&#8221;1&#8243; theme_builder_area=&#8221;post_content&#8221; _builder_version=&#8221;4.27.4&#8243; _module_preset=&#8221;default&#8221; background_color=&#8221;#FFF6EB&#8221; hover_enabled=&#8221;0&#8243; sticky_enabled=&#8221;0&#8243; da_is_popup=&#8221;off&#8221; da_exit_intent=&#8221;off&#8221; da_has_close=&#8221;on&#8221; da_alt_close=&#8221;off&#8221; da_dark_close=&#8221;off&#8221; da_not_modal=&#8221;on&#8221; da_is_singular=&#8221;off&#8221; da_with_loader=&#8221;off&#8221; da_has_shadow=&#8221;on&#8221; da_disable_devices=&#8221;off|off|off&#8221;][et_pb_row _builder_version=&#8221;4.27.4&#8243; _module_preset=&#8221;default&#8221; theme_builder_area=&#8221;post_content&#8221; hover_enabled=&#8221;0&#8243; sticky_enabled=&#8221;0&#8243; custom_padding=&#8221;||110px|||&#8221;][et_pb_column _builder_version=&#8221;4.27.4&#8243; _module_preset=&#8221;default&#8221; type=&#8221;4_4&#8243; theme_builder_area=&#8221;post_content&#8221;][et_pb_text _builder_version=&#8221;4.27.4&#8243; _module_preset=&#8221;default&#8221; theme_builder_area=&#8221;post_content&#8221; text_font_size=&#8221;72px&#8221; text_font=&#8221;&#8211;et_global_heading_font||||||||&#8221; hover_enabled=&#8221;0&#8243; sticky_enabled=&#8221;0&#8243;]POL\u00cdTICA DE PRIVACITAT[\/et_pb_text][et_pb_divider _builder_version=&#8221;4.27.4&#8243; _module_preset=&#8221;default&#8221; theme_builder_area=&#8221;post_content&#8221; custom_margin=&#8221;||||false|false&#8221; hover_enabled=&#8221;0&#8243; sticky_enabled=&#8221;0&#8243;][\/et_pb_divider][et_pb_text _builder_version=&#8221;4.27.4&#8243; _module_preset=&#8221;default&#8221; theme_builder_area=&#8221;post_content&#8221; hover_enabled=&#8221;0&#8243; sticky_enabled=&#8221;0&#8243;]<br \/>\nLa present Pol\u00edtica de Privacitat estableix els termes en qu\u00e8 Emporda Grup Pizzeries Sl. utilitza i protegeix la informaci\u00f3 que \u00e9s proporcionada pels seus usuaris en el moment d\u2019utilitzar el seu lloc web. Aquesta companyia est\u00e0 compromesa amb la seguretat de les dades dels seus usuaris. Quan li demanem omplir els camps d\u2019informaci\u00f3 personal amb la qual vost\u00e8 pugui ser identificat, ho fem assegurant que nom\u00e9s s\u2019emprar\u00e0 d\u2019acord amb els termes d\u2019aquest document. Tanmateix, aquesta Pol\u00edtica de Privacitat pot canviar amb el temps o ser actualitzada, per la qual cosa li recomanem i insistim que revisi cont\u00ednuament aquesta p\u00e0gina per assegurar-se que est\u00e0 d\u2019acord amb aquests canvis.<\/p>\n<h3>Informaci\u00f3 que \u00e9s recollida<\/h3>\n<p>El nostre lloc web podr\u00e0 recollir informaci\u00f3 personal, per exemple: nom, informaci\u00f3 de contacte com la seva adre\u00e7a de correu electr\u00f2nic i informaci\u00f3 demogr\u00e0fica. Aix\u00ed mateix, quan sigui necessari, es podr\u00e0 requerir informaci\u00f3 espec\u00edfica per processar alguna comanda o realitzar un lliurament o facturaci\u00f3. <\/p>\n<h3>\u00das de la informaci\u00f3 recollida<\/h3>\n<p>El nostre lloc web empra la informaci\u00f3 amb la finalitat de proporcionar el millor servei possible, particularment per mantenir un registre d\u2019usuaris, de comandes en cas que s\u2019apliqui, i millorar els nostres productes i serveis. \u00c9s possible que s\u2019envi\u00efn correus electr\u00f2nics peri\u00f2dicament a trav\u00e9s del nostre lloc amb ofertes especials, productes nous i altra informaci\u00f3 publicit\u00e0ria que considerem rellevant per a vost\u00e8 o que li pugui oferir algun benefici. Aquests correus electr\u00f2nics s\u2019enviaran a l\u2019adre\u00e7a que vost\u00e8 proporcioni i es podran cancel\u00b7lar en qualsevol moment.<\/p>\n<p>Emporda Grup Pizzeries Sl. est\u00e0 altament compromesa a complir amb el comprom\u00eds de mantenir la seva informaci\u00f3 segura. Fem servir els sistemes m\u00e9s avan\u00e7ats i els actualitzem constantment per assegurar-nos que no existeixi cap acc\u00e9s no autoritzat.<\/p>\n<h3>Cookies<\/h3>\n<p>Una cookie fa refer\u00e8ncia a un fitxer que s\u2019envia amb la finalitat de sol\u00b7licitar perm\u00eds per emmagatzemar-se al seu ordinador. En acceptar aquest fitxer es crea i la cookie serveix aleshores per tenir informaci\u00f3 sobre el tr\u00e0nsit web, i tamb\u00e9 facilita les futures visites a una web recurrent. Una altra funci\u00f3 que tenen les cookies \u00e9s que amb elles les webs poden recon\u00e8ixer-lo individualment i, per tant, oferir-li el millor servei personalitzat del seu lloc web.<\/p>\n<p>El nostre lloc web empra les cookies per poder identificar les p\u00e0gines que s\u00f3n visitades i la seva freq\u00fc\u00e8ncia. Aquesta informaci\u00f3 s\u2019utilitza \u00fanicament per a an\u00e0lisi estad\u00edstica i despr\u00e9s s\u2019elimina de manera permanent. Vost\u00e8 pot eliminar les cookies en qualsevol moment des del seu ordinador. Tanmateix, les cookies ajuden a proporcionar un millor servei dels llocs web. Aquestes no donen acc\u00e9s a informaci\u00f3 del seu ordinador ni de vost\u00e8, llevat que vost\u00e8 aix\u00ed ho vulgui i la proporcioni directament. Vost\u00e8 pot acceptar o negar l\u2019\u00fas de cookies. Tanmateix, la majoria de navegadors accepten cookies autom\u00e0ticament, ja que serveixen per tenir un millor servei web. Tamb\u00e9 pot canviar la configuraci\u00f3 del seu ordinador per rebutjar les cookies. Si es rebutgen, \u00e9s possible que no pugui utilitzar alguns dels nostres serveis.<\/p>\n<h3>Enlla\u00e7os a Tercers<\/h3>\n<p>Aquest lloc web podria contenir enlla\u00e7os a altres llocs que podrien ser del seu inter\u00e8s. Un cop vost\u00e8 faci clic en aquests enlla\u00e7os i abandoni la nostra p\u00e0gina, ja no tenim control sobre el lloc al qual \u00e9s redirigit i, per tant, no som responsables dels termes o la privacitat ni de la protecci\u00f3 de les seves dades en aquests altres llocs tercers. Aquests llocs estan subjectes a les seves pr\u00f2pies pol\u00edtiques de privacitat, per la qual cosa \u00e9s recomanable que les consulti per confirmar que vost\u00e8 hi est\u00e0 d\u2019acord.<\/p>\n<h3>Control de la seva informaci\u00f3 personal<\/h3>\n<p>En qualsevol moment vost\u00e8 pot restringir la recopilaci\u00f3 o l\u2019\u00fas de la informaci\u00f3 personal que \u00e9s proporcionada al nostre lloc web. Cada vegada que se li sol\u00b7liciti omplir un formulari, com el d\u2019alta d\u2019usuari, pot marcar o desmarcar l\u2019opci\u00f3 de rebre informaci\u00f3 per correu electr\u00f2nic. En cas que hagi marcat l\u2019opci\u00f3 de rebre el nostre butllet\u00ed o publicitat, vost\u00e8 la pot cancel\u00b7lar en qualsevol moment.<\/p>\n<p>Aquesta companyia no vendr\u00e0, cedir\u00e0 ni distribuir\u00e0 la informaci\u00f3 personal que \u00e9s recopilada sense el seu consentiment, llevat que sigui requerida per un jutge amb una ordre judicial.<\/p>\n<p>Emporda Grup Pizzeries Sl. es reserva el dret de canviar els termes de la present Pol\u00edtica de Privacitat en qualsevol moment.<\/p>\n<p>Aquesta pol\u00edtica de privacitat s\u2019ha generat a <a href=\"https:\/\/www.politicadeprivacidadplantilla.com\" target=\"_blank\" rel=\"noopener noreferrer\">politicadeprivacidadplantilla.com.<\/a>[\/et_pb_text][\/et_pb_column][\/et_pb_row][\/et_pb_section]<\/p>\n","protected":false},"excerpt":{"rendered":"<p>POL\u00cdTICA DE PRIVACITAT La present Pol\u00edtica de Privacitat estableix els termes en qu\u00e8 Emporda Grup Pizzeries Sl. utilitza i protegeix la informaci\u00f3 que \u00e9s proporcionada pels seus usuaris en el moment d\u2019utilitzar el seu lloc web. Aquesta companyia est\u00e0 compromesa amb la seguretat de les dades dels seus usuaris. Quan li demanem omplir els camps d\u2019informaci\u00f3 personal amb la qual vost\u00e8 pugui ser identificat, ho fem assegurant que nom\u00e9s s\u2019emprar\u00e0 d\u2019acord amb els termes d\u2019aquest document. Tanmateix, aquesta Pol\u00edtica de Privacitat pot canviar amb el temps o ser actualitzada, per la qual cosa li recomanem i insistim que revisi cont\u00ednuament aquesta p\u00e0gina per assegurar-se que est\u00e0 d\u2019acord amb aquests canvis. Informaci\u00f3 que \u00e9s recollida El nostre lloc web podr\u00e0 recollir informaci\u00f3 personal, per exemple: nom, informaci\u00f3 de contacte com la seva adre\u00e7a de correu electr\u00f2nic i informaci\u00f3 demogr\u00e0fica. Aix\u00ed mateix, quan sigui necessari, es podr\u00e0 requerir informaci\u00f3 espec\u00edfica per processar alguna comanda o realitzar un lliurament o facturaci\u00f3. \u00das de la informaci\u00f3 recollida El nostre lloc web empra la informaci\u00f3 amb la finalitat de proporcionar el millor servei possible, particularment per mantenir un registre d\u2019usuaris, de comandes en cas que s\u2019apliqui, i millorar els nostres productes i serveis. \u00c9s possible [&hellip;]<\/p>\n","protected":false},"author":1,"featured_media":0,"parent":0,"menu_order":100,"comment_status":"closed","ping_status":"closed","template":"","meta":{"_et_pb_use_builder":"on","_et_pb_old_content":"","_et_gb_content_width":"","footnotes":""},"class_list":["post-8992","page","type-page","status-publish","hentry"],"yoast_head":"<!-- This site is optimized with the Yoast SEO plugin v26.8 - https:\/\/yoast.com\/product\/yoast-seo-wordpress\/ -->\n<title>Pol\u00edtica de Privacitat - Enjoy IT<\/title>\n<meta name=\"robots\" content=\"index, follow, max-snippet:-1, max-image-preview:large, max-video-preview:-1\" \/>\n<link rel=\"canonical\" href=\"https:\/\/enjoyitrestaurant.com\/ca\/politica-de-privacitat\/\" \/>\n<meta property=\"og:locale\" content=\"ca_ES\" \/>\n<meta property=\"og:type\" content=\"article\" \/>\n<meta property=\"og:title\" content=\"Pol\u00edtica de Privacitat - Enjoy IT\" \/>\n<meta property=\"og:description\" content=\"POL\u00cdTICA DE PRIVACITAT La present Pol\u00edtica de Privacitat estableix els termes en qu\u00e8 Emporda Grup Pizzeries Sl. utilitza i protegeix la informaci\u00f3 que \u00e9s proporcionada pels seus usuaris en el moment d\u2019utilitzar el seu lloc web. Aquesta companyia est\u00e0 compromesa amb la seguretat de les dades dels seus usuaris. Quan li demanem omplir els camps d\u2019informaci\u00f3 personal amb la qual vost\u00e8 pugui ser identificat, ho fem assegurant que nom\u00e9s s\u2019emprar\u00e0 d\u2019acord amb els termes d\u2019aquest document. Tanmateix, aquesta Pol\u00edtica de Privacitat pot canviar amb el temps o ser actualitzada, per la qual cosa li recomanem i insistim que revisi cont\u00ednuament aquesta p\u00e0gina per assegurar-se que est\u00e0 d\u2019acord amb aquests canvis. Informaci\u00f3 que \u00e9s recollida El nostre lloc web podr\u00e0 recollir informaci\u00f3 personal, per exemple: nom, informaci\u00f3 de contacte com la seva adre\u00e7a de correu electr\u00f2nic i informaci\u00f3 demogr\u00e0fica. Aix\u00ed mateix, quan sigui necessari, es podr\u00e0 requerir informaci\u00f3 espec\u00edfica per processar alguna comanda o realitzar un lliurament o facturaci\u00f3. \u00das de la informaci\u00f3 recollida El nostre lloc web empra la informaci\u00f3 amb la finalitat de proporcionar el millor servei possible, particularment per mantenir un registre d\u2019usuaris, de comandes en cas que s\u2019apliqui, i millorar els nostres productes i serveis. \u00c9s possible [&hellip;]\" \/>\n<meta property=\"og:url\" content=\"https:\/\/enjoyitrestaurant.com\/ca\/politica-de-privacitat\/\" \/>\n<meta property=\"og:site_name\" content=\"Enjoy IT\" \/>\n<meta property=\"article:modified_time\" content=\"2025-09-12T08:16:12+00:00\" \/>\n<meta name=\"twitter:card\" content=\"summary_large_image\" \/>\n<meta name=\"twitter:label1\" content=\"Temps estimat de lectura\" \/>\n\t<meta name=\"twitter:data1\" content=\"5 minuts\" \/>\n<script type=\"application\/ld+json\" class=\"yoast-schema-graph\">{\"@context\":\"https:\/\/schema.org\",\"@graph\":[{\"@type\":\"WebPage\",\"@id\":\"https:\/\/enjoyitrestaurant.com\/ca\/politica-de-privacitat\/\",\"url\":\"https:\/\/enjoyitrestaurant.com\/ca\/politica-de-privacitat\/\",\"name\":\"Pol\u00edtica de Privacitat - Enjoy IT\",\"isPartOf\":{\"@id\":\"https:\/\/enjoyitrestaurant.com\/#website\"},\"datePublished\":\"2025-03-12T14:37:16+00:00\",\"dateModified\":\"2025-09-12T08:16:12+00:00\",\"breadcrumb\":{\"@id\":\"https:\/\/enjoyitrestaurant.com\/ca\/politica-de-privacitat\/#breadcrumb\"},\"inLanguage\":\"ca\",\"potentialAction\":[{\"@type\":\"ReadAction\",\"target\":[\"https:\/\/enjoyitrestaurant.com\/ca\/politica-de-privacitat\/\"]}]},{\"@type\":\"BreadcrumbList\",\"@id\":\"https:\/\/enjoyitrestaurant.com\/ca\/politica-de-privacitat\/#breadcrumb\",\"itemListElement\":[{\"@type\":\"ListItem\",\"position\":1,\"name\":\"Portada\",\"item\":\"https:\/\/enjoyitrestaurant.com\/ca\/\"},{\"@type\":\"ListItem\",\"position\":2,\"name\":\"Pol\u00edtica de Privacitat\"}]},{\"@type\":\"WebSite\",\"@id\":\"https:\/\/enjoyitrestaurant.com\/#website\",\"url\":\"https:\/\/enjoyitrestaurant.com\/\",\"name\":\"enjoy.ip-marketing.es\",\"description\":\"Restaurante de cocina mediterr\u00e1nea y tradicional\",\"potentialAction\":[{\"@type\":\"SearchAction\",\"target\":{\"@type\":\"EntryPoint\",\"urlTemplate\":\"https:\/\/enjoyitrestaurant.com\/?s={search_term_string}\"},\"query-input\":{\"@type\":\"PropertyValueSpecification\",\"valueRequired\":true,\"valueName\":\"search_term_string\"}}],\"inLanguage\":\"ca\"}]}<\/script>\n<!-- \/ Yoast SEO plugin. -->","yoast_head_json":{"title":"Pol\u00edtica de Privacitat - Enjoy IT","robots":{"index":"index","follow":"follow","max-snippet":"max-snippet:-1","max-image-preview":"max-image-preview:large","max-video-preview":"max-video-preview:-1"},"canonical":"https:\/\/enjoyitrestaurant.com\/ca\/politica-de-privacitat\/","og_locale":"ca_ES","og_type":"article","og_title":"Pol\u00edtica de Privacitat - Enjoy IT","og_description":"POL\u00cdTICA DE PRIVACITAT La present Pol\u00edtica de Privacitat estableix els termes en qu\u00e8 Emporda Grup Pizzeries Sl. utilitza i protegeix la informaci\u00f3 que \u00e9s proporcionada pels seus usuaris en el moment d\u2019utilitzar el seu lloc web. Aquesta companyia est\u00e0 compromesa amb la seguretat de les dades dels seus usuaris. Quan li demanem omplir els camps d\u2019informaci\u00f3 personal amb la qual vost\u00e8 pugui ser identificat, ho fem assegurant que nom\u00e9s s\u2019emprar\u00e0 d\u2019acord amb els termes d\u2019aquest document. Tanmateix, aquesta Pol\u00edtica de Privacitat pot canviar amb el temps o ser actualitzada, per la qual cosa li recomanem i insistim que revisi cont\u00ednuament aquesta p\u00e0gina per assegurar-se que est\u00e0 d\u2019acord amb aquests canvis. Informaci\u00f3 que \u00e9s recollida El nostre lloc web podr\u00e0 recollir informaci\u00f3 personal, per exemple: nom, informaci\u00f3 de contacte com la seva adre\u00e7a de correu electr\u00f2nic i informaci\u00f3 demogr\u00e0fica. Aix\u00ed mateix, quan sigui necessari, es podr\u00e0 requerir informaci\u00f3 espec\u00edfica per processar alguna comanda o realitzar un lliurament o facturaci\u00f3. \u00das de la informaci\u00f3 recollida El nostre lloc web empra la informaci\u00f3 amb la finalitat de proporcionar el millor servei possible, particularment per mantenir un registre d\u2019usuaris, de comandes en cas que s\u2019apliqui, i millorar els nostres productes i serveis. \u00c9s possible [&hellip;]","og_url":"https:\/\/enjoyitrestaurant.com\/ca\/politica-de-privacitat\/","og_site_name":"Enjoy IT","article_modified_time":"2025-09-12T08:16:12+00:00","twitter_card":"summary_large_image","twitter_misc":{"Temps estimat de lectura":"5 minuts"},"schema":{"@context":"https:\/\/schema.org","@graph":[{"@type":"WebPage","@id":"https:\/\/enjoyitrestaurant.com\/ca\/politica-de-privacitat\/","url":"https:\/\/enjoyitrestaurant.com\/ca\/politica-de-privacitat\/","name":"Pol\u00edtica de Privacitat - Enjoy IT","isPartOf":{"@id":"https:\/\/enjoyitrestaurant.com\/#website"},"datePublished":"2025-03-12T14:37:16+00:00","dateModified":"2025-09-12T08:16:12+00:00","breadcrumb":{"@id":"https:\/\/enjoyitrestaurant.com\/ca\/politica-de-privacitat\/#breadcrumb"},"inLanguage":"ca","potentialAction":[{"@type":"ReadAction","target":["https:\/\/enjoyitrestaurant.com\/ca\/politica-de-privacitat\/"]}]},{"@type":"BreadcrumbList","@id":"https:\/\/enjoyitrestaurant.com\/ca\/politica-de-privacitat\/#breadcrumb","itemListElement":[{"@type":"ListItem","position":1,"name":"Portada","item":"https:\/\/enjoyitrestaurant.com\/ca\/"},{"@type":"ListItem","position":2,"name":"Pol\u00edtica de Privacitat"}]},{"@type":"WebSite","@id":"https:\/\/enjoyitrestaurant.com\/#website","url":"https:\/\/enjoyitrestaurant.com\/","name":"enjoy.ip-marketing.es","description":"Restaurante de cocina mediterr\u00e1nea y tradicional","potentialAction":[{"@type":"SearchAction","target":{"@type":"EntryPoint","urlTemplate":"https:\/\/enjoyitrestaurant.com\/?s={search_term_string}"},"query-input":{"@type":"PropertyValueSpecification","valueRequired":true,"valueName":"search_term_string"}}],"inLanguage":"ca"}]}},"_links":{"self":[{"href":"https:\/\/enjoyitrestaurant.com\/ca\/wp-json\/wp\/v2\/pages\/8992","targetHints":{"allow":["GET"]}}],"collection":[{"href":"https:\/\/enjoyitrestaurant.com\/ca\/wp-json\/wp\/v2\/pages"}],"about":[{"href":"https:\/\/enjoyitrestaurant.com\/ca\/wp-json\/wp\/v2\/types\/page"}],"author":[{"embeddable":true,"href":"https:\/\/enjoyitrestaurant.com\/ca\/wp-json\/wp\/v2\/users\/1"}],"replies":[{"embeddable":true,"href":"https:\/\/enjoyitrestaurant.com\/ca\/wp-json\/wp\/v2\/comments?post=8992"}],"version-history":[{"count":5,"href":"https:\/\/enjoyitrestaurant.com\/ca\/wp-json\/wp\/v2\/pages\/8992\/revisions"}],"predecessor-version":[{"id":9015,"href":"https:\/\/enjoyitrestaurant.com\/ca\/wp-json\/wp\/v2\/pages\/8992\/revisions\/9015"}],"wp:attachment":[{"href":"https:\/\/enjoyitrestaurant.com\/ca\/wp-json\/wp\/v2\/media?parent=8992"}],"curies":[{"name":"wp","href":"https:\/\/api.w.org\/{rel}","templated":true}]}}